{"id":927,"date":"2024-06-09T23:28:59","date_gmt":"2024-06-09T23:28:59","guid":{"rendered":"https:\/\/greenodysseytours.com\/index.php\/home-2\/"},"modified":"2026-03-01T23:40:52","modified_gmt":"2026-03-01T23:40:52","slug":"home-2","status":"publish","type":"page","link":"https:\/\/greenodysseytours.com\/pt\/","title":{"rendered":"Home"},"content":{"rendered":"<div class=\"wp-block-uagb-container uagb-block-80f8b66e alignfull uagb-is-root-container\"><div class=\"uagb-container-inner-blocks-wrap\">\n<div class=\"wp-block-uagb-info-box uagb-block-ea1e98f0 uagb-infobox__content-wrap  uagb-infobox-icon-above-title uagb-infobox-image-valign-top\"><div class=\"uagb-ifb-content\"><div class=\"uagb-ifb-title-wrap\"><h3 class=\"uagb-ifb-title-prefix\"><strong><br><br>A AUT\u00caNTICA EXPERI\u00caNCIA<\/strong><br><\/h3><div class=\"uagb-ifb-separator\"><\/div><h2 class=\"uagb-ifb-title\"><strong><br>PELA REGI\u00c3O DOS VINHOS VERDES<br><\/strong><br><\/h2><\/div><div class=\"uagb-ifb-button-wrapper wp-block-button\"><a href=\"\/pt\/tours\/\" class=\"uagb-infobox-cta-link wp-block-button__link\" target=\"_self\" rel=\"noopener noreferrer\" onclick=\"return true;\"><span class=\"uagb-inline-editing\">SAIBA MAIS<\/span><\/a><\/div><\/div><\/div>\n<\/div><\/div>\n\n\n\n<div class=\"wp-block-uagb-container uagb-block-68114d61 alignfull uagb-is-root-container\"><div class=\"uagb-container-inner-blocks-wrap\">\n<div class=\"wp-block-uagb-container uagb-block-3f1399b9\">\n<div class=\"wp-block-uagb-info-box uagb-block-727ca6c6 uagb-infobox__content-wrap  uagb-infobox-icon-above-title uagb-infobox-image-valign-top wp-block-uagb-info-box--has-margin\"><div class=\"uagb-infobox-margin-wrapper\"><div class=\"uagb-ifb-content\"><div class=\"uagb-ifb-title-wrap\"><h2 class=\"uagb-ifb-title\">A EXPERI\u00caNCIA QUE COMBINA TUDO<\/h2><\/div><div class=\"uagb-ifb-separator\"><\/div><p class=\"uagb-ifb-desc\">Quer visitar um tesouro escondido e aproveitar ao m\u00e1ximo o seu tempo num s\u00f3 dia?<br>N\u00f3s pens\u00e1mos em tudo.<\/p><\/div><\/div><\/div>\n\n\n\n<br><div class=\"promo-banner\" style=\"font-size: 25px\">\n<a href=\"\/pt\/www.greenodysseytours.com\/tours\/\">TOURS FROM 180\u20ac<\/a>\n<\/div>\n<\/div>\n\n\n\n<div class=\"wp-block-uagb-container uagb-block-1094613c\">\n<div class=\"wp-block-uagb-image uagb-block-30fcdd8d wp-block-uagb-image--layout-default wp-block-uagb-image--effect-static wp-block-uagb-image--align-none uag-hide-tab uag-hide-mob uag-blocks-common-selector\" style=\"--z-index-desktop:undefined;;--z-index-tablet:undefined;;--z-index-mobile:1;\"><figure class=\"wp-block-uagb-image__figure\"><img loading=\"lazy\" decoding=\"async\" srcset=\"https:\/\/greenodysseytours.com\/wp-content\/uploads\/2026\/01\/Landing-Page-e1768605127980-501x1024.jpeg ,https:\/\/greenodysseytours.com\/wp-content\/uploads\/2026\/01\/Landing-Page-e1768605127980.jpeg 780w, https:\/\/greenodysseytours.com\/wp-content\/uploads\/2026\/01\/Landing-Page-e1768605127980.jpeg 360w\" sizes=\"auto, (max-width: 480px) 150px\" src=\"https:\/\/greenodysseytours.com\/wp-content\/uploads\/2026\/01\/Landing-Page-e1768605127980-501x1024.jpeg\" alt=\"\" class=\"uag-image-3091\" width=\"360\" height=\"225\" title=\"Landing Page\" role=\"img\"\/><\/figure><\/div>\n\n\n\n<div class=\"wp-block-uagb-image uagb-block-d866eef3 wp-block-uagb-image--layout-default wp-block-uagb-image--effect-static wp-block-uagb-image--align-none uag-hide-tab uag-hide-mob\"><figure class=\"wp-block-uagb-image__figure\"><img loading=\"lazy\" decoding=\"async\" srcset=\"https:\/\/greenodysseytours.com\/wp-content\/uploads\/2024\/09\/C20240716_3358.00_03_45_14.Quadro021-1024x576.jpg ,https:\/\/greenodysseytours.com\/wp-content\/uploads\/2024\/09\/C20240716_3358.00_03_45_14.Quadro021-scaled.jpg 780w, https:\/\/greenodysseytours.com\/wp-content\/uploads\/2024\/09\/C20240716_3358.00_03_45_14.Quadro021-scaled.jpg 360w\" sizes=\"auto, (max-width: 480px) 150px\" src=\"https:\/\/greenodysseytours.com\/wp-content\/uploads\/2024\/09\/C20240716_3358.00_03_45_14.Quadro021-1024x576.jpg\" alt=\"\" class=\"uag-image-1533\" width=\"360\" height=\"367\" title=\"\" role=\"img\"\/><\/figure><\/div>\n\n\n\t\t\t\t\t<div\n\t\t\t\t\t\tclass=\"wp-block-uagb-image-gallery uagb-block-d03fc3ca  uag-hide-desktop\"\n\t\t\t\t\t\tstyle=\"\"\n\t\t\t\t\t>\n\t\t\t\t\t\t\t\t\t\t\t<div class=\"spectra-image-gallery spectra-image-gallery__layout--carousel\">\n\t\t\t\t\t\t\t\t<div class=\"uagb-slick-carousel uagb-block-d03fc3ca\">\n\t\t\t\t\t\t\t\t\t\t\t\t<div class='spectra-image-gallery__media-wrapper' data-spectra-gallery-image-id='3093'>\n\t\t\t\t\t\t\t<div class=\"spectra-image-gallery__media spectra-image-gallery__media--carousel\">\n\t\t\t\t<picture>\n\t\t\t\t\t<source media=\"(min-width: 1024px)\" srcset=\"https:\/\/greenodysseytours.com\/wp-content\/uploads\/2026\/01\/Landing-Page-1.jpeg\">\n\t\t\t\t\t<source media=\"(min-width: 768px)\" srcset=\"https:\/\/greenodysseytours.com\/wp-content\/uploads\/2026\/01\/Landing-Page-1.jpeg\">\n\t\t\t\t\t<img decoding=\"async\" class=\"spectra-image-gallery__media-thumbnail spectra-image-gallery__media-thumbnail--carousel\" src=\"https:\/\/greenodysseytours.com\/wp-content\/uploads\/2026\/01\/Landing-Page-1.jpeg\" alt=\"\" loading=\"lazy\" \/>\n\t\t\t\t<\/picture>\n\t\t\t\t<div class=\"spectra-image-gallery__media-thumbnail-blurrer\"><\/div>\n\t\t\t\t\t\t\t\t\t\t\t<div class=\"spectra-image-gallery__media-thumbnail-caption-wrapper spectra-image-gallery__media-thumbnail-caption-wrapper--overlay\"><\/div>\n\t\t\t\t\t\t\t\t<\/div>\n\t\t\t\t\t\t<\/div>\n\t\t\t\t\t\t<div class='spectra-image-gallery__media-wrapper' data-spectra-gallery-image-id='1536'>\n\t\t\t\t\t\t\t<div class=\"spectra-image-gallery__media spectra-image-gallery__media--carousel\">\n\t\t\t\t<picture>\n\t\t\t\t\t<source media=\"(min-width: 1024px)\" srcset=\"https:\/\/greenodysseytours.com\/wp-content\/uploads\/2024\/09\/2200x1068_-12-1024x725.jpg\">\n\t\t\t\t\t<source media=\"(min-width: 768px)\" srcset=\"https:\/\/greenodysseytours.com\/wp-content\/uploads\/2024\/09\/2200x1068_-12-1024x725.jpg\">\n\t\t\t\t\t<img decoding=\"async\" class=\"spectra-image-gallery__media-thumbnail spectra-image-gallery__media-thumbnail--carousel\" src=\"https:\/\/greenodysseytours.com\/wp-content\/uploads\/2024\/09\/2200x1068_-12.jpg\" alt=\"\" loading=\"lazy\" \/>\n\t\t\t\t<\/picture>\n\t\t\t\t<div class=\"spectra-image-gallery__media-thumbnail-blurrer\"><\/div>\n\t\t\t\t\t\t\t\t\t\t\t<div class=\"spectra-image-gallery__media-thumbnail-caption-wrapper spectra-image-gallery__media-thumbnail-caption-wrapper--overlay\"><\/div>\n\t\t\t\t\t\t\t\t<\/div>\n\t\t\t\t\t\t<\/div>\n\t\t\t\t\t\t<div class='spectra-image-gallery__media-wrapper' data-spectra-gallery-image-id='3098'>\n\t\t\t\t\t\t\t<div class=\"spectra-image-gallery__media spectra-image-gallery__media--carousel\">\n\t\t\t\t<picture>\n\t\t\t\t\t<source media=\"(min-width: 1024px)\" srcset=\"https:\/\/greenodysseytours.com\/wp-content\/uploads\/2026\/01\/Rodeado-de-Verde-1024x768.jpg\">\n\t\t\t\t\t<source media=\"(min-width: 768px)\" srcset=\"https:\/\/greenodysseytours.com\/wp-content\/uploads\/2026\/01\/Rodeado-de-Verde-1024x768.jpg\">\n\t\t\t\t\t<img decoding=\"async\" class=\"spectra-image-gallery__media-thumbnail spectra-image-gallery__media-thumbnail--carousel\" src=\"https:\/\/greenodysseytours.com\/wp-content\/uploads\/2026\/01\/Rodeado-de-Verde-scaled.jpg\" alt=\"\" loading=\"lazy\" \/>\n\t\t\t\t<\/picture>\n\t\t\t\t<div class=\"spectra-image-gallery__media-thumbnail-blurrer\"><\/div>\n\t\t\t\t\t\t\t\t\t\t\t<div class=\"spectra-image-gallery__media-thumbnail-caption-wrapper spectra-image-gallery__media-thumbnail-caption-wrapper--overlay\"><\/div>\n\t\t\t\t\t\t\t\t<\/div>\n\t\t\t\t\t\t<\/div>\n\t\t\t\t\t\t<div class='spectra-image-gallery__media-wrapper' data-spectra-gallery-image-id='1533'>\n\t\t\t\t\t\t\t<div class=\"spectra-image-gallery__media spectra-image-gallery__media--carousel\">\n\t\t\t\t<picture>\n\t\t\t\t\t<source media=\"(min-width: 1024px)\" srcset=\"https:\/\/greenodysseytours.com\/wp-content\/uploads\/2024\/09\/C20240716_3358.00_03_45_14.Quadro021-1024x576.jpg\">\n\t\t\t\t\t<source media=\"(min-width: 768px)\" srcset=\"https:\/\/greenodysseytours.com\/wp-content\/uploads\/2024\/09\/C20240716_3358.00_03_45_14.Quadro021-1024x576.jpg\">\n\t\t\t\t\t<img decoding=\"async\" class=\"spectra-image-gallery__media-thumbnail spectra-image-gallery__media-thumbnail--carousel\" src=\"https:\/\/greenodysseytours.com\/wp-content\/uploads\/2024\/09\/C20240716_3358.00_03_45_14.Quadro021-scaled.jpg\" alt=\"\" loading=\"lazy\" \/>\n\t\t\t\t<\/picture>\n\t\t\t\t<div class=\"spectra-image-gallery__media-thumbnail-blurrer\"><\/div>\n\t\t\t\t\t\t\t\t\t\t\t<div class=\"spectra-image-gallery__media-thumbnail-caption-wrapper spectra-image-gallery__media-thumbnail-caption-wrapper--overlay\"><\/div>\n\t\t\t\t\t\t\t\t<\/div>\n\t\t\t\t\t\t<\/div>\n\t\t\t\t\t\t\t\t\t\t\t<\/div>\n\t\t\t\t\t\t\t<\/div>\n\t\t\t\t\t\t\t\t\t\t\t<\/div>\n\t\t\t\t\t\t\t\t\t<\/div>\n\n\n\n<div class=\"wp-block-uagb-container uag-hide-tab uag-hide-mob uagb-block-774d6300\">\n<div class=\"wp-block-uagb-image uagb-block-2d632a7a wp-block-uagb-image--layout-default wp-block-uagb-image--effect-static wp-block-uagb-image--align-none\"><figure class=\"wp-block-uagb-image__figure\"><img loading=\"lazy\" decoding=\"async\" srcset=\"https:\/\/greenodysseytours.com\/wp-content\/uploads\/2024\/09\/2200x1068_-12-1024x725.jpg ,https:\/\/greenodysseytours.com\/wp-content\/uploads\/2024\/09\/2200x1068_-12.jpg 780w, https:\/\/greenodysseytours.com\/wp-content\/uploads\/2024\/09\/2200x1068_-12.jpg 360w\" sizes=\"auto, (max-width: 480px) 150px\" src=\"https:\/\/greenodysseytours.com\/wp-content\/uploads\/2024\/09\/2200x1068_-12-1024x725.jpg\" alt=\"\" class=\"uag-image-1536\" width=\"360\" height=\"367\" title=\"\" role=\"img\"\/><\/figure><\/div>\n\n\n\n<div class=\"wp-block-uagb-image uagb-block-3f321722 wp-block-uagb-image--layout-default wp-block-uagb-image--effect-static wp-block-uagb-image--align-none\"><figure class=\"wp-block-uagb-image__figure\"><img loading=\"lazy\" decoding=\"async\" srcset=\"https:\/\/greenodysseytours.com\/wp-content\/uploads\/2026\/01\/Rodeado-de-Verde-1024x768.jpg ,https:\/\/greenodysseytours.com\/wp-content\/uploads\/2026\/01\/Rodeado-de-Verde-scaled.jpg 780w, https:\/\/greenodysseytours.com\/wp-content\/uploads\/2026\/01\/Rodeado-de-Verde-scaled.jpg 360w\" sizes=\"auto, (max-width: 480px) 150px\" src=\"https:\/\/greenodysseytours.com\/wp-content\/uploads\/2026\/01\/Rodeado-de-Verde-1024x768.jpg\" alt=\"\" class=\"uag-image-3098\" width=\"360\" height=\"218\" title=\"Rodeado de Verde\" role=\"img\"\/><\/figure><\/div>\n<\/div>\n<\/div><\/div>\n\n\n\n<p><\/p>","protected":false},"excerpt":{"rendered":"<p>TOURS FROM 180\u20ac<\/p>","protected":false},"author":1,"featured_media":0,"parent":0,"menu_order":0,"comment_status":"closed","ping_status":"closed","template":"","meta":{"om_disable_all_campaigns":false,"_uag_custom_page_level_css":"","_monsterinsights_skip_tracking":false,"_monsterinsights_sitenote_active":false,"_monsterinsights_sitenote_note":"","_monsterinsights_sitenote_category":0,"site-sidebar-layout":"no-sidebar","site-content-layout":"plain-container","ast-site-content-layout":"full-width-container","site-content-style":"unboxed","site-sidebar-style":"unboxed","ast-global-header-display":"","ast-banner-title-visibility":"","ast-main-header-display":"","ast-hfb-above-header-display":"","ast-hfb-below-header-display":"","ast-hfb-mobile-header-display":"","site-post-title":"disabled","ast-breadcrumbs-content":"","ast-featured-img":"","footer-sml-layout":"","theme-transparent-header-meta":"enabled","adv-header-id-meta":"","stick-header-meta":"","header-above-stick-meta":"","header-main-stick-meta":"","header-below-stick-meta":"","astra-migrate-meta-layouts":"set","ast-page-background-enabled":"default","ast-page-background-meta":{"desktop":{"background-color":"","background-image":"","background-repeat":"repeat","background-position":"center center","background-size":"auto","background-attachment":"scroll","background-type":"","background-media":"","overlay-type":"","overlay-color":"","overlay-opacity":"","overlay-gradient":""},"tablet":{"background-color":"","background-image":"","background-repeat":"repeat","background-position":"center center","background-size":"auto","background-attachment":"scroll","background-type":"","background-media":"","overlay-type":"","overlay-color":"","overlay-opacity":"","overlay-gradient":""},"mobile":{"background-color":"","background-image":"","background-repeat":"repeat","background-position":"center center","background-size":"auto","background-attachment":"scroll","background-type":"","background-media":"","overlay-type":"","overlay-color":"","overlay-opacity":"","overlay-gradient":""}},"ast-content-background-meta":{"desktop":{"background-color":"var(--ast-global-color-5)","background-image":"","background-repeat":"repeat","background-position":"center center","background-size":"auto","background-attachment":"scroll","background-type":"","background-media":"","overlay-type":"","overlay-color":"","overlay-opacity":"","overlay-gradient":""},"tablet":{"background-color":"var(--ast-global-color-5)","background-image":"","background-repeat":"repeat","background-position":"center center","background-size":"auto","background-attachment":"scroll","background-type":"","background-media":"","overlay-type":"","overlay-color":"","overlay-opacity":"","overlay-gradient":""},"mobile":{"background-color":"var(--ast-global-color-5)","background-image":"","background-repeat":"repeat","background-position":"center center","background-size":"auto","background-attachment":"scroll","background-type":"","background-media":"","overlay-type":"","overlay-color":"","overlay-opacity":"","overlay-gradient":""}},"_themeisle_gutenberg_block_has_review":false,"footnotes":""},"class_list":["post-927","page","type-page","status-publish","hentry"],"aioseo_notices":[],"uagb_featured_image_src":{"full":false,"thumbnail":false,"medium":false,"medium_large":false,"large":false,"1536x1536":false,"2048x2048":false,"trp-custom-language-flag":false},"uagb_author_info":{"display_name":"info@greenodysseytours.com","author_link":"https:\/\/greenodysseytours.com\/pt\/author\/infogreenodysseytours-com\/"},"uagb_comment_info":0,"uagb_excerpt":"TOURS FROM 180\u20ac","_links":{"self":[{"href":"https:\/\/greenodysseytours.com\/pt\/wp-json\/wp\/v2\/pages\/927","targetHints":{"allow":["GET"]}}],"collection":[{"href":"https:\/\/greenodysseytours.com\/pt\/wp-json\/wp\/v2\/pages"}],"about":[{"href":"https:\/\/greenodysseytours.com\/pt\/wp-json\/wp\/v2\/types\/page"}],"author":[{"embeddable":true,"href":"https:\/\/greenodysseytours.com\/pt\/wp-json\/wp\/v2\/users\/1"}],"replies":[{"embeddable":true,"href":"https:\/\/greenodysseytours.com\/pt\/wp-json\/wp\/v2\/comments?post=927"}],"version-history":[{"count":120,"href":"https:\/\/greenodysseytours.com\/pt\/wp-json\/wp\/v2\/pages\/927\/revisions"}],"predecessor-version":[{"id":3908,"href":"https:\/\/greenodysseytours.com\/pt\/wp-json\/wp\/v2\/pages\/927\/revisions\/3908"}],"wp:attachment":[{"href":"https:\/\/greenodysseytours.com\/pt\/wp-json\/wp\/v2\/media?parent=927"}],"curies":[{"name":"wp","href":"https:\/\/api.w.org\/{rel}","templated":true}]}}