{"id":923,"date":"2024-06-09T23:28:59","date_gmt":"2024-06-09T23:28:59","guid":{"rendered":"https:\/\/greenodysseytours.com\/index.php\/about\/"},"modified":"2025-06-11T20:16:25","modified_gmt":"2025-06-11T20:16:25","slug":"about","status":"publish","type":"page","link":"https:\/\/greenodysseytours.com\/pt\/about\/","title":{"rendered":"Sobre"},"content":{"rendered":"<div class=\"wp-block-uagb-container uagb-block-25efe059 alignfull uagb-is-root-container\"><div class=\"uagb-container-inner-blocks-wrap\">\n<div class=\"wp-block-uagb-advanced-heading uagb-block-152b2cf8\"><h1 class=\"uagb-heading-text\">Quem Somos?<\/h1><\/div>\n<\/div><\/div>\n\n\n\n<div class=\"wp-block-uagb-container uagb-layout-grid uagb-block-0c6cdd49 alignfull uagb-is-root-container\"><div class=\"uagb-container-inner-blocks-wrap\">\n<div class=\"wp-block-uagb-image uagb-block-79d7a249 wp-block-uagb-image--layout-default wp-block-uagb-image--effect-static wp-block-uagb-image--align-none\"><figure class=\"wp-block-uagb-image__figure\"><img loading=\"lazy\" decoding=\"async\" srcset=\"https:\/\/greenodysseytours.com\/wp-content\/uploads\/2024\/09\/WhatsApp-Image-2024-09-13-at-11.15.25-4-1024x770.jpeg ,https:\/\/greenodysseytours.com\/wp-content\/uploads\/2024\/09\/WhatsApp-Image-2024-09-13-at-11.15.25-4.jpeg 780w, https:\/\/greenodysseytours.com\/wp-content\/uploads\/2024\/09\/WhatsApp-Image-2024-09-13-at-11.15.25-4.jpeg 360w\" sizes=\"auto, (max-width: 480px) 150px\" src=\"https:\/\/greenodysseytours.com\/wp-content\/uploads\/2024\/09\/WhatsApp-Image-2024-09-13-at-11.15.25-4-1024x770.jpeg\" alt=\"\" class=\"uag-image-1515\" width=\"520\" height=\"347\" title=\"WhatsApp Image 2024-09-13 at 11.15.25\" role=\"img\"\/><\/figure><\/div>\n\n\n\n<div class=\"wp-block-uagb-info-box uagb-block-6fc23514 uagb-infobox__content-wrap  uagb-infobox-icon-above-title uagb-infobox-image-valign-top\"><div class=\"uagb-ifb-content\"><div class=\"uagb-ifb-title-wrap\"><h2 class=\"uagb-ifb-title translation-block\">HUGO SILVA - <strong>FUNDADOR &amp;<\/strong> GUIA LOCAL<\/h2><\/div><div class=\"uagb-ifb-separator\"><\/div><p class=\"uagb-ifb-desc translation-block\">Mestre em Gest\u00e3o Hoteleira, com mais de 10 anos de experi\u00eancia em hot\u00e9is por todo o pa\u00eds e um WSET em Vinhos, tenho um enorme prazer em partilhar conhecimentos e momentos especiais entre pessoas, especialmente \u00e0 volta de uma mesa com boa comida e bom vinho.\n<br>Adoro viajar, conhecer culturas diferentes, provar novas comidas e vinhos e estar em contacto com a natureza. Nesta odisseia tenho a oportunidade de mostrar-vos a minha regi\u00e3o da mesma forma que gosto de conhecer outras regi\u00f5es quando viajo, compilando v\u00e1rias experi\u00eancias num \u00fanico dia memor\u00e1vel.<\/p><\/div><\/div>\n<\/div><\/div>\n\n\n\n<div class=\"wp-block-uagb-container uagb-block-ada1b635 alignfull uagb-is-root-container\"><div class=\"uagb-container-inner-blocks-wrap\">\n<div class=\"wp-block-uagb-advanced-heading uagb-block-85aae344\"><h4 class=\"uagb-heading-text\">MISS\u00c3O, VIS\u00c3O E VALORES<\/h4><div class=\"uagb-separator\"><\/div><p class=\"uagb-desc-text\">A nossa <strong><em>miss\u00e3o<\/em><\/strong> \u00e9 organizar as melhores experi\u00eancias tudo-em-um.<br>Combinando <strong>Natureza, Gastronomia, Vinho, Hist\u00f3ria, Tradi\u00e7\u00e3o<\/strong> e <strong>Aventura<\/strong>, esfor\u00e7amo-nos por proporcionar aos nossos clientes um dia repleto de momentos inesquec\u00edveis.<br><br>A nossa <strong><em>vis\u00e3o<\/em><\/strong> \u00e9 revelar o esplendor da nossa regi\u00e3o atrav\u00e9s de passeios din\u00e2micos e descontra\u00eddos que compilam experi\u00eancias aut\u00eanticas, locais e privadas, mostrando o melhor que temos para oferecer.<\/p><\/div>\n<\/div><\/div>\n\n\n\n<div class=\"wp-block-uagb-container uagb-block-18de7e33 alignfull uagb-is-root-container\"><div class=\"uagb-container-inner-blocks-wrap\"><div style=\"max-width: 1200px; margin: 0 auto; display: flex; flex-wrap: wrap; justify-content: center; gap: 20px;\">\n<div style=\"flex: 1 1 220px; background-color: #dbece5; border-radius: 10px; padding: 20px; text-align: center;\">\n    <img decoding=\"async\" src=\"https:\/\/greenodysseytours.com\/wp-content\/uploads\/2025\/05\/imagem_2025-05-06_223355271.png\" alt=\"Privacy\" style=\"width: 50px; margin-bottom: 10px;\"><\/p>\n<h3 style=\"color: #1a4221;\">Privacidade<\/h3>\n<p style=\"color: #222;\">As nossas experi\u00eancias s\u00e3o verdadeiramente privadas e este ser\u00e1 sempre o nosso modelo de neg\u00f3cio. N\u00e3o existe o risco de programar experi\u00eancias com um grande grupo de pessoas.<\/p>\n<\/p><\/div>\n<div style=\"flex: 1 1 220px; background-color: #e5f2ea; border-radius: 10px; padding: 20px; text-align: center;\">\n    <img decoding=\"async\" src=\"https:\/\/greenodysseytours.com\/wp-content\/uploads\/2025\/05\/fingerprint.png\" alt=\"Authenticity\" style=\"width: 50px; margin-bottom: 10px;\"><\/p>\n<h3 style=\"color: #1a4221;\">Autenticidade<\/h3>\n<p style=\"color: #222;\">Criamos passeios genu\u00ednos, com experi\u00eancias locais e aut\u00eanticas, focados no bem-estar e na divers\u00e3o dos nossos clientes.<\/p>\n<\/p><\/div>\n<div style=\"flex: 1 1 220px; background-color: #dbece5; border-radius: 10px; padding: 20px; text-align: center;\">\n    <img decoding=\"async\" src=\"https:\/\/greenodysseytours.com\/wp-content\/uploads\/2025\/05\/imagem_2025-05-06_223502474.png\" alt=\"Balance\" style=\"width: 50px; margin-bottom: 10px;\"><\/p>\n<h3 style=\"color: #1a4221;\">Equil\u00edbrio<\/h3>\n<p style=\"color: #222;\">Oferecemos uma combina\u00e7\u00e3o perfeita de experi\u00eancias para que cada viagem seja diversificada e enriquecedora.<\/p>\n<\/p><\/div>\n<div style=\"flex: 1 1 220px; background-color: #e5f2ea; border-radius: 10px; padding: 20px; text-align: center;\">\n    <img decoding=\"async\" src=\"https:\/\/greenodysseytours.com\/wp-content\/uploads\/2025\/05\/imagem_2025-05-06_223259010.png\" alt=\"Respect for time\" style=\"width: 50px; margin-bottom: 10px;\"><\/p>\n<h3 style=\"color: #1a4221;\">Respeito pelo tempo<\/h3>\n<p style=\"color: #222;\">Valorizamos o tempo dos nossos clientes, assegurando que cada experi\u00eancia \u00e9 desfrutada ao m\u00e1ximo, sem pressas.<\/p>\n<\/p><\/div>\n<div style=\"flex: 1 1 220px; background-color: #dbece5; border-radius: 10px; padding: 20px; text-align: center;\">\n    <img decoding=\"async\" src=\"https:\/\/greenodysseytours.com\/wp-content\/uploads\/2025\/05\/imagem_2025-05-06_223157291.png\" alt=\"Good vibes\" style=\"width: 50px; margin-bottom: 10px;\"><\/p>\n<h3 style=\"color: #1a4221;\">Boas vibes<\/h3>\n<p style=\"color: #222;\">A nossa equipa \u00e9 animada e soci\u00e1vel, assegurando um ambiente acolhedor e divertido em cada visita.<\/p>\n<\/p><\/div>\n<\/div>\n<\/div><\/div>\n\n\n\n<p><\/p>\n\n\n\n<p><\/p>","protected":false},"excerpt":{"rendered":"<p>Who Are We? MISSION, VISION AND VALUES Our mission is to organize the best all-in-one experiences.By combining Nature, Gastronomy, Wine, History, Tradition and Adventure, we strive to provide our clients with a day full of unforgettable moments. Our vision is to reveal the splendor of our region through dynamic and relaxed tours that compile authentic, [&hellip;]<\/p>","protected":false},"author":1,"featured_media":0,"parent":0,"menu_order":0,"comment_status":"closed","ping_status":"closed","template":"","meta":{"om_disable_all_campaigns":false,"_uag_custom_page_level_css":"","_monsterinsights_skip_tracking":false,"_monsterinsights_sitenote_active":false,"_monsterinsights_sitenote_note":"","_monsterinsights_sitenote_category":0,"site-sidebar-layout":"no-sidebar","site-content-layout":"plain-container","ast-site-content-layout":"full-width-container","site-content-style":"unboxed","site-sidebar-style":"unboxed","ast-global-header-display":"","ast-banner-title-visibility":"","ast-main-header-display":"","ast-hfb-above-header-display":"","ast-hfb-below-header-display":"","ast-hfb-mobile-header-display":"","site-post-title":"disabled","ast-breadcrumbs-content":"","ast-featured-img":"disabled","footer-sml-layout":"","theme-transparent-header-meta":"enabled","adv-header-id-meta":"","stick-header-meta":"","header-above-stick-meta":"","header-main-stick-meta":"","header-below-stick-meta":"","astra-migrate-meta-layouts":"set","ast-page-background-enabled":"default","ast-page-background-meta":{"desktop":{"background-color":"","background-image":"","background-repeat":"repeat","background-position":"center center","background-size":"auto","background-attachment":"scroll","background-type":"","background-media":"","overlay-type":"","overlay-color":"","overlay-opacity":"","overlay-gradient":""},"tablet":{"background-color":"","background-image":"","background-repeat":"repeat","background-position":"center center","background-size":"auto","background-attachment":"scroll","background-type":"","background-media":"","overlay-type":"","overlay-color":"","overlay-opacity":"","overlay-gradient":""},"mobile":{"background-color":"","background-image":"","background-repeat":"repeat","background-position":"center center","background-size":"auto","background-attachment":"scroll","background-type":"","background-media":"","overlay-type":"","overlay-color":"","overlay-opacity":"","overlay-gradient":""}},"ast-content-background-meta":{"desktop":{"background-color":"var(--ast-global-color-5)","background-image":"","background-repeat":"repeat","background-position":"center center","background-size":"auto","background-attachment":"scroll","background-type":"","background-media":"","overlay-type":"","overlay-color":"","overlay-opacity":"","overlay-gradient":""},"tablet":{"background-color":"var(--ast-global-color-5)","background-image":"","background-repeat":"repeat","background-position":"center center","background-size":"auto","background-attachment":"scroll","background-type":"","background-media":"","overlay-type":"","overlay-color":"","overlay-opacity":"","overlay-gradient":""},"mobile":{"background-color":"var(--ast-global-color-5)","background-image":"","background-repeat":"repeat","background-position":"center center","background-size":"auto","background-attachment":"scroll","background-type":"","background-media":"","overlay-type":"","overlay-color":"","overlay-opacity":"","overlay-gradient":""}},"_themeisle_gutenberg_block_has_review":false,"footnotes":"[]"},"class_list":["post-923","page","type-page","status-publish","hentry"],"aioseo_notices":[],"uagb_featured_image_src":{"full":false,"thumbnail":false,"medium":false,"medium_large":false,"large":false,"1536x1536":false,"2048x2048":false,"trp-custom-language-flag":false},"uagb_author_info":{"display_name":"info@greenodysseytours.com","author_link":"https:\/\/greenodysseytours.com\/pt\/author\/infogreenodysseytours-com\/"},"uagb_comment_info":0,"uagb_excerpt":"Who Are We? MISSION, VISION AND VALUES Our mission is to organize the best all-in-one experiences.By combining Nature, Gastronomy, Wine, History, Tradition and Adventure, we strive to provide our clients with a day full of unforgettable moments. Our vision is to reveal the splendor of our region through dynamic and relaxed tours that compile authentic,&hellip;","_links":{"self":[{"href":"https:\/\/greenodysseytours.com\/pt\/wp-json\/wp\/v2\/pages\/923","targetHints":{"allow":["GET"]}}],"collection":[{"href":"https:\/\/greenodysseytours.com\/pt\/wp-json\/wp\/v2\/pages"}],"about":[{"href":"https:\/\/greenodysseytours.com\/pt\/wp-json\/wp\/v2\/types\/page"}],"author":[{"embeddable":true,"href":"https:\/\/greenodysseytours.com\/pt\/wp-json\/wp\/v2\/users\/1"}],"replies":[{"embeddable":true,"href":"https:\/\/greenodysseytours.com\/pt\/wp-json\/wp\/v2\/comments?post=923"}],"version-history":[{"count":81,"href":"https:\/\/greenodysseytours.com\/pt\/wp-json\/wp\/v2\/pages\/923\/revisions"}],"predecessor-version":[{"id":3014,"href":"https:\/\/greenodysseytours.com\/pt\/wp-json\/wp\/v2\/pages\/923\/revisions\/3014"}],"wp:attachment":[{"href":"https:\/\/greenodysseytours.com\/pt\/wp-json\/wp\/v2\/media?parent=923"}],"curies":[{"name":"wp","href":"https:\/\/api.w.org\/{rel}","templated":true}]}}