{"id":3493,"date":"2026-01-26T01:24:39","date_gmt":"2026-01-26T01:24:39","guid":{"rendered":"https:\/\/greenodysseytours.com\/?page_id=3493"},"modified":"2026-02-28T19:37:50","modified_gmt":"2026-02-28T19:37:50","slug":"experiences","status":"publish","type":"page","link":"https:\/\/greenodysseytours.com\/pt\/experiences\/","title":{"rendered":"Experi\u00eancias"},"content":{"rendered":"<p><\/p>\n\n\n\n<p><\/p>\n\n\n\n<div class=\"wp-block-uagb-container uagb-block-99955c2c alignfull uagb-is-root-container\"><div class=\"uagb-container-inner-blocks-wrap\">\n<div class=\"go-fullbleed go-exp-premium\">\n\n  <!-- HERO -->\n  <header class=\"go-hero4\">\n    <div class=\"go-hero4__inner\">\n      <div class=\"go-hero4__grid\">\n        <div class=\"go-hero4__left\">\n          <p class=\"go-hero4__eyebrow\">Sele\u00e7\u00e3o Privada Exclusiva<\/p>\n          <h1 class=\"go-hero4__title\">Experi\u00eancias<\/h1>\n          <div class=\"go-hero4__divider\"><\/div>\n        <\/div>\n\n        <div class=\"go-hero4__right\">\n          <p class=\"go-hero4__text\">\n            Al\u00e9m das nossas excurs\u00f5es, a Green Odyssey oferece experi\u00eancias privadas personalizadas, concebidas para aprofundar a sua liga\u00e7\u00e3o com\na regi\u00e3o dos Vinhos Verdes \u2014 atrav\u00e9s da gastronomia, do vinho, da criatividade e da orienta\u00e7\u00e3o local.\n          <\/p>\n        <\/div>\n      <\/div>\n    <\/div>\n  <\/header>\n\n  <!-- BLOCK GRID -->\n  <section class=\"go-blocks3\">\n\n    <!-- 1: Private Events -->\n    <article class=\"go-block3 go-block3--private\">\n      <div class=\"go-block3__art\" style=\"background-image:url('https:\/\/greenodysseytours.com\/wp-content\/uploads\/2026\/01\/DSC_0311-1-scaled.jpg');\"><\/div>\n      <div class=\"go-block3__body\">\n        <h2 class=\"go-block3__title\">Eventos Privados<\/h2>\n        <p class=\"go-block3__kicker\">GASTRONOMIA E VINHOS<\/p>\n        <p class=\"go-block3__desc\">\n          Experi\u00eancias gastron\u00f3micas exclusivas concebidas de acordo com o seu ritmo, prefer\u00eancias e expectativas \u2014 onde o tempo passa mais devagar\n          e cada detalhe \u00e9 importante.\n        <\/p>\n        <a class=\"go-block3__more\" href=\"\/pt\/private-events\/\">SAIBA MAIS<\/a>\n      <\/div>\n    <\/article>\n\n    <!-- 2: Wine Experiences -->\n    <article class=\"go-block3 go-block3--wine\">\n      <div class=\"go-block3__art\" style=\"background-image:url('https:\/\/greenodysseytours.com\/wp-content\/uploads\/2026\/01\/DSC_0170-1-scaled.jpg');\"><\/div>\n      <div class=\"go-block3__body\">\n        <h2 class=\"go-block3__title\">Experi\u00eancias V\u00ednicas<\/h2>\n        <p class=\"go-block3__kicker\">DEGUSTA\u00c7\u00d5ES E HARMONIZA\u00c7\u00d5ES<\/p>\n        <p class=\"go-block3__desc\">\n          Eventos dedicados ao vinho com pequenos produtores locais, combinando degusta\u00e7\u00f5es guiadas e combina\u00e7\u00f5es criativas que refletem\n          o local, as pessoas e a hist\u00f3ria de cada garrafa.\n        <\/p>\n        <a class=\"go-block3__more\" href=\"\/pt\/wine-experiences\/\">SAIBA MAIS<\/a>\n      <\/div>\n    <\/article>\n\n    <!-- 3: Workshops -->\n    <article class=\"go-block3 go-block3--workshops\">\n      <div class=\"go-block3__art\" style=\"background-image:url('https:\/\/greenodysseytours.com\/wp-content\/uploads\/2026\/01\/DSC_0239-1-scaled.jpg');\"><\/div>\n      <div class=\"go-block3__body\">\n        <h2 class=\"go-block3__title\">Workshops<\/h2>\n        <p class=\"go-block3__kicker\">CULTURA E CRIATIVIDADE<\/p>\n        <p class=\"go-block3__desc\">\n          Sess\u00f5es criativas e culturais com artistas e artes\u00e3os locais \u2014 um espa\u00e7o acolhedor onde a tradi\u00e7\u00e3o e\n          o conhecimento contempor\u00e2neo se encontram.\n        <\/p>\n        <a class=\"go-block3__more\" href=\"\/pt\/workshops\/\">SAIBA MAIS<\/a>\n      <\/div>\n    <\/article>\n\n    <!-- 4: Guided Visits -->\n    <article class=\"go-block3 go-block3--guided\">\n      <div class=\"go-block3__art\" style=\"background-image:url('https:\/\/greenodysseytours.com\/wp-content\/uploads\/2026\/01\/DSC_0246-scaled.jpg');\"><\/div>\n      <div class=\"go-block3__body\">\n        <h2 class=\"go-block3__title\">Visitas Guiadas<\/h2>\n        <p class=\"go-block3__kicker\">ORIENTA\u00c7\u00c3O LOCAL<\/p>\n        <p class=\"go-block3__desc\">\n          Experi\u00eancias mais curtas, flex\u00edveis e personalizadas, conduzidas por um guia local, organizadas de acordo com os seus interesses, sem comprometer a qualidade ou o contexto.\n        <\/p>\n        <a class=\"go-block3__more\" href=\"\/pt\/guided-visits\/\">SAIBA MAIS<\/a>\n      <\/div>\n    <\/article>\n\n  <\/section>\n\n<\/div>\n\n<style>\n  \/* FULL BLEED *\/\n  .go-fullbleed{\n    width:100vw !important;\n    max-width:100vw !important;\n    margin-left:calc(50% - 50vw) !important;\n    margin-right:calc(50% - 50vw) !important;\n    padding-left:0 !important;\n    padding-right:0 !important;\n    position:relative;\n  }\n  .go-fullbleed,\n  .go-fullbleed *{box-sizing:border-box;}\n\n  \/* PALETA BASE *\/\n  :root{\n    --go-private:#3E0F22;\n    --go-wine:#B08A2A;\n    --go-workshops:#083F39;\n    --go-guided:#1A2733;\n\n    --go-heroBase:#F3F1EA;\n    --go-heroInk:#0B1220;\n    --go-heroInk2:rgba(11,18,32,.78);\n    --go-line:rgba(11,18,32,.10);\n  }\n\n  \/* HERO *\/\n  .go-hero4{\n    position:relative;\n    background:linear-gradient(180deg, #f8f6f0 0%, #f2eee4 100%);\n    border-bottom:1px solid rgba(11,18,32,.08);\n  }\n\n  .go-hero4__inner{\n    max-width:1200px;\n    margin:0 auto;\n    padding:58px 18px 64px;\n  }\n\n  .go-hero4__grid{\n    display:grid;\n    grid-template-columns:1.2fr .8fr;\n    gap:42px;\n    align-items:end;\n  }\n\n  .go-hero4__eyebrow{\n    margin:0 0 10px;\n    font-size:13px;\n    letter-spacing:.18em;\n    text-transform:uppercase;\n    font-weight:800;\n    color:#5c6a5f;\n  }\n\n  .go-hero4__title{\n    margin:0;\n    font-size:78px;\n    line-height:.96;\n    font-weight:950;\n    letter-spacing:-0.04em;\n    color:#0b1220;\n  }\n\n  .go-hero4__divider{\n    width:140px;\n    height:2px;\n    margin-top:24px;\n    background:linear-gradient(90deg, #5dbc66 0%, rgba(93,188,102,0) 100%);\n  }\n\n  .go-hero4__right{\n    padding-bottom:8px;\n  }\n\n  .go-hero4__text{\n    margin:0;\n    font-size:17px;\n    line-height:1.9;\n    color:rgba(11,18,32,.72);\n    max-width:440px;\n  }\n\n  \/* BLOCKS *\/\n  .go-blocks3{\n    display:grid;\n    grid-template-columns:repeat(4,1fr);\n    gap:0;\n  }\n\n  .go-block3{\n    display:flex;\n    flex-direction:column;\n    min-height:690px;\n    border-right:1px solid rgba(255,255,255,.22);\n    border-bottom:1px solid rgba(255,255,255,.22);\n  }\n  .go-block3:nth-child(4){ border-right:none; }\n\n  .go-block3__art{\n    height:360px;\n    background-size:cover;\n    background-position:center;\n    filter:saturate(1.05) contrast(1.07);\n  }\n\n  .go-block3__body{\n    flex:1;\n    padding:26px 26px 18px;\n    display:flex;\n    flex-direction:column;\n    gap:12px;\n    background:var(--go-card-bg);\n    color:var(--go-card-text);\n    text-align:center;\n  }\n\n  .go-block3__title{\n    margin:0;\n    font-size:38px;\n    line-height:1.03;\n    font-weight:950;\n    letter-spacing:-0.02em;\n    color:var(--go-card-title);\n    text-align:center;\n  }\n\n  .go-block3__kicker{\n    margin:0;\n    font-size:12px;\n    letter-spacing:.18em;\n    text-transform:uppercase;\n    font-weight:900;\n    color:var(--go-card-kicker);\n    text-align:center;\n  }\n\n  .go-block3__desc{\n    margin:10px 0 0;\n    font-size:18px;\n    line-height:1.75;\n    color:var(--go-card-text);\n    max-width:none;\n    text-align:center;\n  }\n\n  .go-block3__more{\n  margin-top:auto;\n  align-self:flex-end;\n  width:auto;\n  border:0;\n  background:transparent;\n  cursor:pointer;\n  font-weight:950;\n  letter-spacing:.18em;\n  text-transform:uppercase;\n  font-size:14px;\n  line-height:1.2;\n  padding:16px 0 0;\n  color:var(--go-card-link);\n  opacity:.95;\n  text-decoration:none !important;\n  text-align:right;\n}\n\n  .go-block3__more:hover{\n    opacity:.82;\n    text-decoration:underline !important;\n  }\n\n  .go-block3__more:focus-visible{\n    background:transparent !important;\n    box-shadow:none !important;\n    border:0 !important;\n    outline:none !important;\n    text-decoration:underline !important;\n    text-decoration-thickness:2px;\n    text-underline-offset:4px;\n  }\n\n  \/* Vars por card *\/\n  .go-block3--private{\n    --go-card-bg:var(--go-private);\n    --go-card-title:#F2D9E3;\n    --go-card-kicker:#EBC4D3;\n    --go-card-text:#F4E7EE;\n    --go-card-link:#F2D9E3;\n  }\n\n  .go-block3--wine{\n    --go-card-bg:var(--go-wine);\n    --go-card-title:#2D1F06;\n    --go-card-kicker:#3A2908;\n    --go-card-text:#3A2908;\n    --go-card-link:#2D1F06;\n  }\n\n  .go-block3--workshops{\n    --go-card-bg:var(--go-workshops);\n    --go-card-title:#CFEFEA;\n    --go-card-kicker:#BFE6E0;\n    --go-card-text:#E3F6F2;\n    --go-card-link:#CFEFEA;\n  }\n\n  .go-block3--guided{\n    --go-card-bg:var(--go-guided);\n    --go-card-title:#D6E4F2;\n    --go-card-kicker:#C7D8EA;\n    --go-card-text:#E7EFF8;\n    --go-card-link:#D6E4F2;\n  }\n\n  \/* RESPONSIVE *\/\n  @media (max-width: 1024px){\n    .go-hero4__inner{\n      padding:46px 18px 52px;\n    }\n\n    .go-hero4__grid{\n      grid-template-columns:1fr;\n      gap:22px;\n      align-items:start;\n    }\n\n    .go-hero4__title{\n      font-size:60px;\n    }\n\n    .go-hero4__right{\n      padding-bottom:0;\n    }\n\n    .go-blocks3{\n      grid-template-columns:repeat(2,1fr);\n    }\n\n    .go-block3{\n      min-height:660px;\n    }\n\n    .go-block3:nth-child(2){ border-right:none; }\n    .go-block3:nth-child(4){ border-right:none; }\n  }\n\n  @media (max-width: 560px){\n    .go-hero4__inner{\n      padding:34px 18px 40px;\n    }\n\n    .go-hero4__eyebrow{\n      font-size:11px;\n    }\n\n    .go-hero4__title{\n      font-size:42px;\n    }\n\n    .go-hero4__text{\n      font-size:15px;\n      line-height:1.75;\n    }\n\n    .go-hero4__divider{\n      width:96px;\n      margin-top:18px;\n    }\n\n    .go-blocks3{\n      grid-template-columns:1fr;\n    }\n\n    .go-block3{\n      min-height:0;\n      border-right:none;\n    }\n\n    .go-block3__art{\n      height:260px;\n    }\n  }\n\n@media (max-width: 560px){\n\n  \/* tirar a faixa\/espa\u00e7o em cima no mobile *\/\n  .go-exp-premium{\n    margin-top:0 !important;\n    padding-top:0 !important;\n  }\n\n  .go-hero4{\n    margin-top:0 !important;\n    padding-top:0 !important;\n  }\n\n  \/* dar respiro ao conte\u00fado sem voltar a criar a faixa *\/\n  .go-hero4__inner{\n    padding-top:50px !important;\n    padding-bottom:32px !important;\n  }\n\n  \/* centrar t\u00edtulo e divisor s\u00f3 no mobile *\/\n  .go-hero4__left{\n    text-align:center;\n  }\n\n  .go-hero4__title{\n    text-align:center;\n    margin-left:auto;\n    margin-right:auto;\n  }\n\n  .go-hero4__divider{\n    margin-left:auto;\n    margin-right:auto;\n  }\n}\n@media (max-width: 560px){\n  .go-block3__desc{\n    font-size:16px !important;\n    line-height:1.75 !important;\n  }\n}\n<\/style>\n<\/div><\/div>\n\n\n\n<p><\/p>","protected":false},"excerpt":{"rendered":"<p>Curated Private Collection Experiences Beyond our tours, Green Odyssey offers curated private experiences designed to deepen your connection with the Vinho Verde region \u2014 through gastronomy, wine, creativity and local guidance. Private Events GASTRONOMY &amp; WINE Exclusive gastronomic experiences designed around your pace, preferences and expectations \u2014 where time slows down and every detail matters. [&hellip;]<\/p>","protected":false},"author":1,"featured_media":0,"parent":0,"menu_order":0,"comment_status":"closed","ping_status":"closed","template":"elementor_header_footer","meta":{"om_disable_all_campaigns":false,"_uag_custom_page_level_css":"","_monsterinsights_skip_tracking":false,"_monsterinsights_sitenote_active":false,"_monsterinsights_sitenote_note":"","_monsterinsights_sitenote_category":0,"site-sidebar-layout":"no-sidebar","site-content-layout":"plain-container","ast-site-content-layout":"default","site-content-style":"unboxed","site-sidebar-style":"unboxed","ast-global-header-display":"","ast-banner-title-visibility":"","ast-main-header-display":"","ast-hfb-above-header-display":"","ast-hfb-below-header-display":"","ast-hfb-mobile-header-display":"","site-post-title":"disabled","ast-breadcrumbs-content":"","ast-featured-img":"","footer-sml-layout":"","theme-transparent-header-meta":"enabled","adv-header-id-meta":"","stick-header-meta":"","header-above-stick-meta":"","header-main-stick-meta":"","header-below-stick-meta":"","astra-migrate-meta-layouts":"set","ast-page-background-enabled":"default","ast-page-background-meta":{"desktop":{"background-color":"","background-image":"","background-repeat":"repeat","background-position":"center center","background-size":"auto","background-attachment":"scroll","background-type":"","background-media":"","overlay-type":"","overlay-color":"","overlay-opacity":"","overlay-gradient":""},"tablet":{"background-color":"","background-image":"","background-repeat":"repeat","background-position":"center center","background-size":"auto","background-attachment":"scroll","background-type":"","background-media":"","overlay-type":"","overlay-color":"","overlay-opacity":"","overlay-gradient":""},"mobile":{"background-color":"","background-image":"","background-repeat":"repeat","background-position":"center center","background-size":"auto","background-attachment":"scroll","background-type":"","background-media":"","overlay-type":"","overlay-color":"","overlay-opacity":"","overlay-gradient":""}},"ast-content-background-meta":{"desktop":{"background-color":"var(--ast-global-color-5)","background-image":"","background-repeat":"repeat","background-position":"center center","background-size":"auto","background-attachment":"scroll","background-type":"","background-media":"","overlay-type":"","overlay-color":"","overlay-opacity":"","overlay-gradient":""},"tablet":{"background-color":"var(--ast-global-color-5)","background-image":"","background-repeat":"repeat","background-position":"center center","background-size":"auto","background-attachment":"scroll","background-type":"","background-media":"","overlay-type":"","overlay-color":"","overlay-opacity":"","overlay-gradient":""},"mobile":{"background-color":"var(--ast-global-color-5)","background-image":"","background-repeat":"repeat","background-position":"center center","background-size":"auto","background-attachment":"scroll","background-type":"","background-media":"","overlay-type":"","overlay-color":"","overlay-opacity":"","overlay-gradient":""}},"_themeisle_gutenberg_block_has_review":false,"footnotes":""},"class_list":["post-3493","page","type-page","status-publish","hentry"],"aioseo_notices":[],"uagb_featured_image_src":{"full":false,"thumbnail":false,"medium":false,"medium_large":false,"large":false,"1536x1536":false,"2048x2048":false,"trp-custom-language-flag":false},"uagb_author_info":{"display_name":"info@greenodysseytours.com","author_link":"https:\/\/greenodysseytours.com\/pt\/author\/infogreenodysseytours-com\/"},"uagb_comment_info":0,"uagb_excerpt":"Curated Private Collection Experiences Beyond our tours, Green Odyssey offers curated private experiences designed to deepen your connection with the Vinho Verde region \u2014 through gastronomy, wine, creativity and local guidance. Private Events GASTRONOMY &amp; WINE Exclusive gastronomic experiences designed around your pace, preferences and expectations \u2014 where time slows down and every detail matters.&hellip;","_links":{"self":[{"href":"https:\/\/greenodysseytours.com\/pt\/wp-json\/wp\/v2\/pages\/3493","targetHints":{"allow":["GET"]}}],"collection":[{"href":"https:\/\/greenodysseytours.com\/pt\/wp-json\/wp\/v2\/pages"}],"about":[{"href":"https:\/\/greenodysseytours.com\/pt\/wp-json\/wp\/v2\/types\/page"}],"author":[{"embeddable":true,"href":"https:\/\/greenodysseytours.com\/pt\/wp-json\/wp\/v2\/users\/1"}],"replies":[{"embeddable":true,"href":"https:\/\/greenodysseytours.com\/pt\/wp-json\/wp\/v2\/comments?post=3493"}],"version-history":[{"count":47,"href":"https:\/\/greenodysseytours.com\/pt\/wp-json\/wp\/v2\/pages\/3493\/revisions"}],"predecessor-version":[{"id":3716,"href":"https:\/\/greenodysseytours.com\/pt\/wp-json\/wp\/v2\/pages\/3493\/revisions\/3716"}],"wp:attachment":[{"href":"https:\/\/greenodysseytours.com\/pt\/wp-json\/wp\/v2\/media?parent=3493"}],"curies":[{"name":"wp","href":"https:\/\/api.w.org\/{rel}","templated":true}]}}